{"id":5574,"date":"2018-05-18T11:05:15","date_gmt":"2018-05-18T10:05:15","guid":{"rendered":"http:\/\/gedankentraeger.de\/?page_id=5574"},"modified":"2024-10-06T20:10:49","modified_gmt":"2024-10-06T19:10:49","slug":"arbeit","status":"publish","type":"page","link":"https:\/\/gedankentraeger.de\/?page_id=5574","title":{"rendered":"Arbeit"},"content":{"rendered":"<p><em>Lehramt<\/em><\/p>\n<p>Seit 1. Februar 2021 Lehrerin an der Hermann-von-Helmholtz-Schule in Berlin<\/p>\n<ul>\n<li>Abschluss der einj\u00e4hrigen Ausbildung ETEP (Entwicklungstherapie und Entwicklungsp\u00e4dagogik), September 2024<\/li>\n<li>Abschluss der einj\u00e4hrigen Ausbildung &#8222;Sport fachfremd unterrichten&#8220;, September 2023<\/li>\n<li>Abschluss des 2. Staatsexamens (Deutsch, Englisch und Mathematik), Juli 2022<\/li>\n<\/ul>\n<p><em>\u00d6ffentlichkeitsarbeit f\u00fcr den Deutschen Bundestag<br \/>\n<\/em><\/p>\n<ul>\n<li>Wanderausstellung in Landsberg am Lech, Oktober 2024<\/li>\n<li>Infomobil in Schweinfurt, Juli 2023<\/li>\n<li>infa-Messe in Hannover, Oktober 2020<\/li>\n<li>Infomobil in Gera &amp; M\u00fchlhausen, September 2020<\/li>\n<li>Wanderausstellung in Nieb\u00fcll, Februar 2020<\/li>\n<li>Wanderausstellung in Landsberg am Lech, Oktober 2019<\/li>\n<li>Infomobil in Eutin &amp; Hamburg, September 2019<\/li>\n<li>Wanderausstellung in Baden-Baden, Juli 2019<\/li>\n<li>Infomobil in Moers &amp; Recklinghausen, Juli 2019<\/li>\n<li>Wanderausstellung in Erlangen, April\/ Mai 2019<\/li>\n<li>Moderation einer Podiumsdiskussion mit sechs Abgeordneten im Reichstagsgeb\u00e4ude, April 2019<\/li>\n<li>Wanderausstellung in Guben, April 2019<\/li>\n<li>Wanderausstellung in Helmstedt, M\u00e4rz 2019<\/li>\n<li>Hanse-Messe in Rostock, M\u00e4rz 2019<\/li>\n<li>Allg\u00e4uer Festwoche in Kempten, August 2018<\/li>\n<li>Infomobil in Montabaur, Mai 2018<\/li>\n<li>Infomobil in Stade, April 2018<\/li>\n<li>Th\u00fcringen-Ausstellung in Erfurt, Februar und M\u00e4rz 2018<\/li>\n<li>Infomobil in Berlin-Zehlendorf, Oktober 2017<\/li>\n<li>Tag der Deutschen Einheit in Mainz, Oktober 2017<\/li>\n<li>Ferientour in St. Peter-Ording, August 2017<\/li>\n<li>Wanderausstellung in Xanten, Mai 2017<\/li>\n<li>Infomobil in Lingen und Cloppenburg, April 2017<\/li>\n<li>Wanderausstellung in M\u00fcnster, April 2017<\/li>\n<li>Wanderausstellung in Straubing, M\u00e4rz 2017<\/li>\n<li>Wanderausstellung in Hofheim\/ Unterfranken, Dezember 2016<\/li>\n<li>Wanderausstellung in Lebach, November 2016<\/li>\n<li>Wanderausstellung in Osterholz-Scharmbeck, November 2016<\/li>\n<li>Wanderausstellung in Schweinfurt, Oktober 2016<\/li>\n<li>Infomobil in Stendal, Gifhorn, Lehrte &amp; Wunstorf, Oktober 2016<\/li>\n<li>Tag der Deutschen Einheit in Dresden, Oktober 2016<\/li>\n<li>Ferientour im Pf\u00e4lzer Wald, August\/September 2016<\/li>\n<li>Infomobil in Bruchsal &amp; Schw\u00e4bisch Hall, Juni 2016<\/li>\n<li>Wanderausstellung in Berlin, Mai 2016<\/li>\n<li>Th\u00fcringen-Ausstellung in Erfurt, Februar\/M\u00e4rz 2016<\/li>\n<li>Wanderausstellung in Aachen, Oktober\/November 2015<\/li>\n<li>Buchmesse in Frankfurt, Oktober 2015<\/li>\n<li>Tag der Deutschen Einheit in Berlin, Oktober 2015<\/li>\n<li>Wanderausstellung in Buchholz in der Nordheide, September 2015<\/li>\n<li>Infomobil in Potsdam, September 2015<\/li>\n<li>Ferientour in Binz &amp; Sassnitz, August 2015<\/li>\n<li>Wanderausstellung in Kempen, November 2014<\/li>\n<li>Infomobil in Pulsnitz &amp; Sebnitz, Juli 2014<\/li>\n<\/ul>\n<p><em>Besucherbetreuung im Bundeskanzleramt<\/em><\/p>\n<ul>\n<li>Regelm\u00e4\u00dfig mehrere Termine im Monat seit April 2018<\/li>\n<\/ul>\n<p><em>Reiseleitung<\/em><strong><br \/>\n<\/strong><\/p>\n<ul>\n<li><em>Discover Switzerland<\/em>. Rundreise durch die Schweiz. Jeweils im Sommer 2011-2019 sowie August 2023<\/li>\n<li>Switzerland, Germany, Austria and the Passion Play. Juli 2022<\/li>\n<li><em>Holiday Markets<\/em>. Flusskreuzfahrten auf dem Rhein, der Mosel und dem Main. Jeweils im Dezember 2015-2019<\/li>\n<li><em>A Week\u2019s Stay in Berlin.<\/em> Eine Museumswoche der Smithsonian Institution aus Washington, D.C. in Berlin. Juni 2019<\/li>\n<li><em>Journey along the Elbe<\/em>. Flusskreuzfahrt zwischen Prag und Berlin. Jeweils im Fr\u00fchjahr 2018 und 2019<\/li>\n<li><em>A Journey through Southern Africa.<\/em> S\u00fcdafrika, Botswana und Simbabwe. Oktober 2018<\/li>\n<li><em>Nordic Magnificence.<\/em> Rundreise Kopenhagen, Oslo und Bergen. August und September 2018<\/li>\n<li><em>Grand Danube Passage<\/em>. Flusskreuzfahrt zwischen Prag und Sofia. Herbst 2011 und 2012; Sommer 2016 und 2017<\/li>\n<li><em>Cruise the Rhine River<\/em>. Flusskreuzfahrt zwischen Amsterdam und Basel. Juli 2017<\/li>\n<li><em>500 Years Reformation<\/em>. Luther-Reise zum Jubil\u00e4um der Reformation. Berlin, Leipzig, Dresden und Prag. Mai und Juni 2017<\/li>\n<li><em>Waterways of Holland &amp; Belgium<\/em>. Flusskreuzfahrt zwischen Br\u00fcssel und Amsterdam. Jeweils im Fr\u00fchjahr 2012, 2015 und 2016<\/li>\n<li><em>Alumni Campus Abroad: 70th Anniversary of D-Day<\/em>. Reise zum Jubil\u00e4um der Alliiertenlandung. Normandie und Paris. April, Mai, September und Oktober 2014<\/li>\n<li><em>The Treasures of East Africa<\/em>. Tansania und Kenia. September 2013<\/li>\n<li><em>Alumni Campus Abroad: Prag &amp; Pilsen<\/em>. Fr\u00fchjahr 2013<\/li>\n<li><em>Berlin Insider\u2019s Perspective<\/em>. Berlin und Potsdam. Fr\u00fchjahr und Sommer 2012<\/li>\n<li><em>Opera and Classical Music<\/em>. Berlin, Dresden und Leipzig. 2007-2012<\/li>\n<li><em>The Heartland of Classical Music<\/em>. Berlin, M\u00fcnchen und Salzburg. 2007-2009<\/li>\n<li><em>Unified Berlin: Cultural Capital for the New Europe<\/em>. Berlin und Potsdam. 2008<\/li>\n<\/ul>\n<p><em>Vortr\u00e4ge<\/em><\/p>\n<ul>\n<li><em>Contemporary Germany<\/em>. Regelm\u00e4\u00dfig in Berlin von 2012-2019<\/li>\n<li><em>A Tale of Two Cities: The History of the Berlin Wall<\/em>. Regelm\u00e4\u00dfig in Berlin von 2012-2019<\/li>\n<li><em>The European Union and its current challenges<\/em>. Bratislava im September 2016 und Amsterdam im Juli 2017<\/li>\n<li><em>A European Perspective on Sports<\/em>. Flusskreuzfahrt auf dem Rhein, Juli 2017<\/li>\n<li><em>Das unerf\u00fcllte Versprechen \u2013 Auf dem Weg zur Inklusion in Deutschland<\/em>. Bundeszentrale f\u00fcr politische Bildung, Warendorf am 24. November 2015<\/li>\n<li><em>Urban Planning \u2013 The Socially Integrative City Program<\/em>. Regelm\u00e4\u00dfig in Berlin von 2008-2012<\/li>\n<li><em>Zwischen Symbol und Syndrom \u2013 \u00dcber die Entwicklung von Autismusdarstellungen<\/em>. akku e.V., Osthaus-Museum Hagen am 18. August 2011<\/li>\n<\/ul>\n<p><em>Mitarbeit bei der Konzeption einer App zur Information nach der Diagnose Down-Syndrom<\/em><\/p>\n<ul>\n<li>Arbeitskreis Down-Syndrom e.V., Januar bis M\u00e4rz 2018<\/li>\n<\/ul>\n<p><em>Publikationen<\/em><\/p>\n<ul>\n<li>&#8222;Menschen im System. Innenansichten einer Klassengemeinschaft: \u00dcber Ruth Beckermanns <em>Favoriten<\/em>. In: <em>Cargo<\/em>, Heft 63, September 2024<\/li>\n<li>Buchver\u00f6ffentlichung: <a href=\"_wp_link_placeholder\" data-wplink-edit=\"true\">Am S\u00fcdstern<\/a>, Books on Demand, 4. August 2023<\/li>\n<li>&#8222;Coronavirus und Kinder. Drei Sichtweisen einer Kinder\u00e4rztin.&#8220; In: <em>Mitteilungen<\/em>. Zeitschrift des Arbeitskreis Down-Syndrom Deutschland e.V., Nr. 109\/2020, September 2020<\/li>\n<li>&#8222;Freie Szene: Was will das Kind?&#8220; Autistische Spiele im Ballhaus Ost. In: <em>Theater heute<\/em>, Heft-Nr. 5, Mai 2020<\/li>\n<li>Buchver\u00f6ffentlichung: <a href=\"https:\/\/www.amazon.de\/dp\/1544176872\/ref=sr_1_4?ie=UTF8&amp;qid=1488456009&amp;sr=8-4\">Morgen kann warten<\/a>, CreateSpace Independent Publishing, 2. M\u00e4rz 2017<\/li>\n<li>\u201e89.\u201c In: <em>Tausend Tode schreiben<\/em>. Hg. Christiane Frohmann. Frohmann Verlag, Dezember 2014<\/li>\n<li>\u201eDer Autismus unserer Zeit. Zur Popularit\u00e4t einer Metapher.\u201c In: <em>autismus<\/em>. Zeitschrift des Bundesverbandes <em>autismus Deutschland e.V.,<\/em> Nr. 77, Mai 2014<\/li>\n<li>Buchver\u00f6ffentlichung: Tomorrow Can Wait. Exploring Europe With Our Autistic Child. Munchkin Bunchkin Books, Juni 2013<\/li>\n<li><a href=\"http:\/\/autism.change.org\/blog\/view\/educating_children_with_autism_in_germany\">Educating Children with Autism in Germany<\/a>, 4. M\u00e4rz 2009<\/li>\n<li><a href=\"http:\/\/autism.change.org\/blog\/view\/adulthood_and_more_for_people_on_the_spectrum_in_germany\">Adulthood and More for People on the Spectrum in Germany<\/a>, 4. M\u00e4rz 2009<\/li>\n<li><a href=\"http:\/\/autism.change.org\/blog\/view\/the_importance_of_proper_support\">The Importance of Proper Support<\/a>, 18. M\u00e4rz 2009<\/li>\n<li><a href=\"http:\/\/autism.change.org\/blog\/view\/on_the_need_for_advocacy_in_germany\">On the Need for Advocacy in Germany<\/a>, 18. M\u00e4rz 2009<\/li>\n<li>\u201eMuseumsprogramme f\u00fcr Autisten.\u201c In: Das barrierefreie Museum. Theorie und Praxis einer besseren Zug\u00e4nglichkeit. Ein Handbuch. Transcript Verlag, August 2007<\/li>\n<li>Von Juni 2006 bis August 2007 redaktionelle Mitarbeit am Dachportal des<a href=\"http:\/\/www.quartiersmanagement-berlin.de\/\"> Quartiersmanagement Berlin<\/a><\/li>\n<li>\u201eAuf dem Mount Baldy.\u201c In: <em>Strandgeschichten<\/em>. Hg. Edith Kresta und Christel Burghoff, Verlag Hans Schiler, 2005<\/li>\n<li>Mit-Herausgeberin: Gardening with brains. Eine Anthologie New Yorker Avantgarde-Zeitschriften der 1910-1920er Jahre. Berliner Beitr\u00e4ge zur Amerikanistik, Band 1, 1997<\/li>\n<\/ul>\n<p><em>\u00dcbersetzungen<\/em><\/p>\n<ul>\n<li>Patientenfragebogen: Stressors Scale. Craniofacial experiences questionnaire for young people, Universit\u00e4t W\u00fcrzburg, Mai 2016<\/li>\n<li>Fr\u00fchkindliche Betreuung, Bildung und Erziehung. Hrsg. stART international e.V., Dezember 2013<\/li>\n<li>Early Childhood Care and Education. stART international e.V., Dezember 2013<\/li>\n<li>Spielfassung \u201eDead Man Walking\u201c f\u00fcr die Vaganten B\u00fchne Berlin, Oktober 2011 &amp; Mai 2012<\/li>\n<li>James Woodall \u00fcber Julie Kavanagh\u2019s \u201eRudolf Nureyev: The Life\u201c und Douglas Dunn \u00fcber Carolyn Brown\u2019s \u201eChance and circumstance. Twenty years with Cage and Cunningham.\u201c Erschienen in: <a href=\"http:\/\/www.ballet-tanz.de\/de\/issu-fr.html\">ballett-tanz<\/a>, Friedrich Berlin Verlagsgesellschaft, Ausgabe Januar 2008<\/li>\n<li>Sophie Kinsella: Prada, Pumps und Babypuder. Mit Isabel Bogdan. Goldmann Verlag, September 2007<\/li>\n<li>Er\u00f6ffnungsrede der Bonner Biennale 2006. Pankaj Mishra: Der neue Orientalismus. \u201eTheater Heute\u201c, Heft-Nr. 7, Juli 2006<\/li>\n<\/ul>\n<p><em>Lektorat<\/em><\/p>\n<ul>\n<li><a href=\"http:\/\/www.quartiersmanagement-berlin.de\/The-socially-integrative-city-program.319.0.html\">The Socially Integrative City Program<\/a>. Ver\u00f6ffentlicht seit Januar 2007 auf der Website des Quartiersmanagement Berlin.<\/li>\n<li>Georg Hermann: Doktor Herzfeld. Die Nacht. Schnee. Band 5 der Gesamtausgabe. Werke und Briefe. Hrsg. v. Gundel und Gert Mattenklott. Verlag Das Neue Berlin, 1997.<\/li>\n<\/ul>\n<p><em>Ehrenamt: Patientenvertreterin im <a href=\"http:\/\/www.g-ba.de\/\">Gemeinsamen Bundesausschuss<\/a> <\/em><\/p>\n<ul>\n<li>Unterausschuss Methodenbewertung (2011-2016)<\/li>\n<li>Gemeinsamer Ausschuss zur Qualit\u00e4tssicherung im Gesundheitswesen (2011-2016)<\/li>\n<li>Unterausschuss Qualit\u00e4tssicherung (2008-2016)<\/li>\n<\/ul>\n","protected":false},"excerpt":{"rendered":"<p>Lehramt Seit 1. Februar 2021 Lehrerin an der Hermann-von-Helmholtz-Schule in Berlin Abschluss der einj\u00e4hrigen Ausbildung ETEP (Entwicklungstherapie und Entwicklungsp\u00e4dagogik), September 2024 Abschluss der einj\u00e4hrigen Ausbildung &#8222;Sport fachfremd unterrichten&#8220;, September 2023 Abschluss des 2. Staatsexamens (Deutsch, Englisch und Mathematik), Juli 2022 \u00d6ffentlichkeitsarbeit f\u00fcr den Deutschen Bundestag Wanderausstellung in Landsberg am Lech, Oktober 2024 Infomobil in Schweinfurt, [&hellip;]<\/p>\n","protected":false},"author":1,"featured_media":0,"parent":0,"menu_order":0,"comment_status":"closed","ping_status":"closed","template":"","meta":{"footnotes":""},"class_list":["post-5574","page","type-page","status-publish","hentry","post"],"_links":{"self":[{"href":"https:\/\/gedankentraeger.de\/index.php?rest_route=\/wp\/v2\/pages\/5574"}],"collection":[{"href":"https:\/\/gedankentraeger.de\/index.php?rest_route=\/wp\/v2\/pages"}],"about":[{"href":"https:\/\/gedankentraeger.de\/index.php?rest_route=\/wp\/v2\/types\/page"}],"author":[{"embeddable":true,"href":"https:\/\/gedankentraeger.de\/index.php?rest_route=\/wp\/v2\/users\/1"}],"replies":[{"embeddable":true,"href":"https:\/\/gedankentraeger.de\/index.php?rest_route=%2Fwp%2Fv2%2Fcomments&post=5574"}],"version-history":[{"count":4,"href":"https:\/\/gedankentraeger.de\/index.php?rest_route=\/wp\/v2\/pages\/5574\/revisions"}],"predecessor-version":[{"id":5954,"href":"https:\/\/gedankentraeger.de\/index.php?rest_route=\/wp\/v2\/pages\/5574\/revisions\/5954"}],"wp:attachment":[{"href":"https:\/\/gedankentraeger.de\/index.php?rest_route=%2Fwp%2Fv2%2Fmedia&parent=5574"}],"curies":[{"name":"wp","href":"https:\/\/api.w.org\/{rel}","templated":true}]}}