{"id":64,"date":"2008-10-09T09:40:09","date_gmt":"2008-10-09T08:40:09","guid":{"rendered":"http:\/\/gedankentraeger.de\/?page_id=64"},"modified":"2024-10-06T19:50:12","modified_gmt":"2024-10-06T18:50:12","slug":"impressum","status":"publish","type":"page","link":"https:\/\/gedankentraeger.de\/","title":{"rendered":"Willkommen"},"content":{"rendered":"\n<p><strong>Herzlich Willkommen<\/strong><\/p>\n\n\n\n<p>Dies ist die Website von Monika Scheele Knight.<\/p>\n\n\n\n<p><img loading=\"lazy\" decoding=\"async\" class=\"\" src=\"https:\/\/gedankentraeger.de\/wp-content\/uploads\/2023\/10\/M.-Scheele-Knight-scaled.jpg\" width=\"242\" height=\"321\" \/><\/p>\n<p>Geboren 1972 in Oldenburg (Niedersachsen).<\/p>\n<p>Studium: Allgemeine und Vergleichende Literaturwissenschaft im Hauptfach, Nordamerikastudien und Theaterwissenschaft in den Nebenf\u00e4chern.<\/p>\n<p>Auslandssemester an der Universit\u00e9 Paul Val\u00e9ry in Montpellier in Frankreich sowie an der Columbia University in New York, USA.<\/p>\n<p>Hospitanz und anschlie\u00dfend freie Mitarbeit bei der Nordwest-Zeitung Oldenburg, sp\u00e4ter beim NDR-Radio Studio Oldenburg und beim Universit\u00e4tsradio Berlin-Brandenburg.<\/p>\n<p>Praktika im Kulturinstitut &#8222;Maison de Heidelberg&#8220; in Montpellier, beim Goethe-Institut in Chicago und beim Aufbau-Verlag in Berlin (Lektorat f\u00fcr zeitgen\u00f6ssische Literatur).<\/p>\n<p>W\u00e4hrend des Studiums dreieinhalb Jahre studentische Hilfskraft von Prof. Dr. Gert Mattenklott am Institut f\u00fcr Allgemeine und Vergleichende Literaturwissenschaft an der Freien Universit\u00e4t Berlin (Forschungsschwerpunkte: K\u00fcnstevergleich und Judaica).<\/p>\n<p>Grundstudium und Zwischenpr\u00fcfung an der Johannes-Gutenberg-Universit\u00e4t in Mainz, Hauptstudium und Magisterabschluss an der Freien Universit\u00e4t in Berlin (April 1998).<\/p>\n<p>Nach dem Magisterabschluss Umzug nach Chicago, dort zun\u00e4chst am Goethe-Institut in der kulturellen Veranstaltungsorganisation t\u00e4tig, dann Arbeitsplatzwechsel zu einem amerikanischen Veranstalter von Studienreisen. Von 1998 bis 2002 in Chicago Projektmanagerin f\u00fcr Campusreisen amerikanischer Universit\u00e4ten nach Europa.<\/p>\n<p>Seit 2006 freiberuflich t\u00e4tig, mit Rahmenvertr\u00e4gen beim Deutschen Bundestag (Mobile \u00d6ffentlichkeitsarbeit), beim Bundespresseamt (Besucherbetreuung im Bundeskanzleramt) und bei AHI Travel (Studienreisen nordamerikanischer Universit\u00e4ten).<\/p>\n<p>Seit Februar 2021 hauptberuflich Lehrerin. Weiterhin f\u00fcr den Deutschen Bundestag, das Bundespresseamt und AHI Travel freiberuflich t\u00e4tig.<\/p>\n\n\n\n<p>Sie erreichen mich unter der E-Mail: monika.scheele.knight[at]gmail.com<\/p>\n\n\n\n<p>F\u00fcr die Website gilt ein <a href=\"http:\/\/www.disclaimer.de\/disclaimer.htm\">Haftungsausschluss<\/a>, der als Inhalt dieser Seiten zu verstehen ist.<\/p>\n\n\n\n<p>Bitte beachten Sie auch die aktualisierte <a href=\"http:\/\/gedankentraeger.de\/?page_id=5563\">Datenschutzerkl\u00e4rung<\/a>.<\/p>\n\n\n\n<p><\/p>\n\n\n\n<p><\/p>\n\n\n\n<p><\/p>\n\n\n\n<p><\/p>\n\n\n\n<p><\/p>\n\n\n\n<p><\/p>\n\n\n\n<p><\/p>\n\n\n\n<p><br><\/p>\n","protected":false},"excerpt":{"rendered":"<p>Herzlich Willkommen Dies ist die Website von Monika Scheele Knight. Geboren 1972 in Oldenburg (Niedersachsen). Studium: Allgemeine und Vergleichende Literaturwissenschaft im Hauptfach, Nordamerikastudien und Theaterwissenschaft in den Nebenf\u00e4chern. Auslandssemester an der Universit\u00e9 Paul Val\u00e9ry in Montpellier in Frankreich sowie an der Columbia University in New York, USA. Hospitanz und anschlie\u00dfend freie Mitarbeit bei der Nordwest-Zeitung [&hellip;]<\/p>\n","protected":false},"author":1,"featured_media":0,"parent":0,"menu_order":0,"comment_status":"closed","ping_status":"closed","template":"","meta":{"footnotes":""},"class_list":["post-64","page","type-page","status-publish","hentry","post"],"_links":{"self":[{"href":"https:\/\/gedankentraeger.de\/index.php?rest_route=\/wp\/v2\/pages\/64"}],"collection":[{"href":"https:\/\/gedankentraeger.de\/index.php?rest_route=\/wp\/v2\/pages"}],"about":[{"href":"https:\/\/gedankentraeger.de\/index.php?rest_route=\/wp\/v2\/types\/page"}],"author":[{"embeddable":true,"href":"https:\/\/gedankentraeger.de\/index.php?rest_route=\/wp\/v2\/users\/1"}],"replies":[{"embeddable":true,"href":"https:\/\/gedankentraeger.de\/index.php?rest_route=%2Fwp%2Fv2%2Fcomments&post=64"}],"version-history":[{"count":4,"href":"https:\/\/gedankentraeger.de\/index.php?rest_route=\/wp\/v2\/pages\/64\/revisions"}],"predecessor-version":[{"id":5952,"href":"https:\/\/gedankentraeger.de\/index.php?rest_route=\/wp\/v2\/pages\/64\/revisions\/5952"}],"wp:attachment":[{"href":"https:\/\/gedankentraeger.de\/index.php?rest_route=%2Fwp%2Fv2%2Fmedia&parent=64"}],"curies":[{"name":"wp","href":"https:\/\/api.w.org\/{rel}","templated":true}]}}